{"id":789,"date":"2025-12-22T23:32:37","date_gmt":"2025-12-22T23:32:37","guid":{"rendered":"https:\/\/jufraem.xyz\/?page_id=789"},"modified":"2025-12-22T23:50:38","modified_gmt":"2025-12-22T23:50:38","slug":"ate","status":"publish","type":"page","link":"https:\/\/jufraem.xyz\/?page_id=789","title":{"rendered":"ATE"},"content":{"rendered":"\t\t<div data-elementor-type=\"wp-page\" data-elementor-id=\"789\" class=\"elementor elementor-789\" data-elementor-post-type=\"page\">\n\t\t\t\t<div class=\"elementor-element elementor-element-46eb5e55 e-flex e-con-boxed e-con e-parent\" data-id=\"46eb5e55\" data-element_type=\"container\" data-e-type=\"container\" data-settings=\"{&quot;background_background&quot;:&quot;classic&quot;}\">\n\t\t\t\t\t<div class=\"e-con-inner\">\n\t\t<div class=\"elementor-element elementor-element-496ba875 e-con-full e-flex e-con e-child\" data-id=\"496ba875\" data-element_type=\"container\" data-e-type=\"container\">\n\t\t\t\t<div class=\"elementor-element elementor-element-58c96ec8 elementor-invisible elementor-widget elementor-widget-heading\" data-id=\"58c96ec8\" data-element_type=\"widget\" data-e-type=\"widget\" data-settings=\"{&quot;_animation&quot;:&quot;fadeIn&quot;}\" data-widget_type=\"heading.default\">\n\t\t\t\t\t<h2 class=\"elementor-heading-title elementor-size-default\">Servicio de Asistencia t\u00e9cnica Educativa<\/h2>\t\t\t\t<\/div>\n\t\t\t\t<div class=\"elementor-element elementor-element-5a6c568a elementor-widget elementor-widget-text-editor\" data-id=\"5a6c568a\" data-element_type=\"widget\" data-e-type=\"widget\" data-widget_type=\"text-editor.default\">\n\t\t\t\t\t\t\t\t\t<p>La Asistencia T\u00e9cnico Educativa (ATE) es un apoyo externo, especializado y de car\u00e1cter transitorio, dirigido a sostenedores, equipos directivos, t\u00e9cnico-pedag\u00f3gicos, docentes, asistentes de la educaci\u00f3n y equipos administrativos. Su prop\u00f3sito es fortalecer el desarrollo profesional mediante la adquisici\u00f3n, actualizaci\u00f3n y profundizaci\u00f3n de conocimientos, as\u00ed como el desarrollo de competencias, habilidades y destrezas. Todo ello orientado a mejorar la gesti\u00f3n institucional y pedag\u00f3gica, con el fin de impactar positivamente en los aprendizajes y en la formaci\u00f3n integral de las y los estudiantes. (PME).<\/p>\t\t\t\t\t\t\t\t<\/div>\n\t\t\t\t<\/div>\n\t\t<div class=\"elementor-element elementor-element-38b46abd e-con-full e-flex e-con e-child\" data-id=\"38b46abd\" data-element_type=\"container\" data-e-type=\"container\">\n\t\t\t\t<div class=\"elementor-element elementor-element-42322ea6 elementor-widget elementor-widget-image\" data-id=\"42322ea6\" data-element_type=\"widget\" data-e-type=\"widget\" data-widget_type=\"image.default\">\n\t\t\t\t\t\t\t\t\t\t\t\t\t\t\t<img fetchpriority=\"high\" decoding=\"async\" width=\"505\" height=\"427\" src=\"https:\/\/jufraem.xyz\/wp-content\/uploads\/2025\/10\/Services-3_1_N-Business-Consultant.jpg\" class=\"attachment-large size-large wp-image-646\" alt=\"\" srcset=\"https:\/\/jufraem.xyz\/wp-content\/uploads\/2025\/10\/Services-3_1_N-Business-Consultant.jpg 505w, https:\/\/jufraem.xyz\/wp-content\/uploads\/2025\/10\/Services-3_1_N-Business-Consultant-300x254.jpg 300w\" sizes=\"(max-width: 505px) 100vw, 505px\" \/>\t\t\t\t\t\t\t\t\t\t\t\t\t\t\t<\/div>\n\t\t\t\t<\/div>\n\t\t\t\t\t<\/div>\n\t\t\t\t<\/div>\n\t\t<div class=\"elementor-element elementor-element-e92b167 e-flex e-con-boxed e-con e-parent\" data-id=\"e92b167\" data-element_type=\"container\" data-e-type=\"container\" data-settings=\"{&quot;background_background&quot;:&quot;classic&quot;}\">\n\t\t\t\t\t<div class=\"e-con-inner\">\n\t\t<div class=\"elementor-element elementor-element-64b02cb e-con-full e-flex e-con e-child\" data-id=\"64b02cb\" data-element_type=\"container\" data-e-type=\"container\">\n\t\t\t\t<div class=\"elementor-element elementor-element-d7542a9 elementor-widget__width-initial elementor-widget elementor-widget-text-editor\" data-id=\"d7542a9\" data-element_type=\"widget\" data-e-type=\"widget\" data-widget_type=\"text-editor.default\">\n\t\t\t\t\t\t\t\t\t<p style=\"text-align: left;\">Un Servicio de Asesor\u00eda T\u00e9cnica Educativa constituye un apoyo que debe:<\/p><p style=\"text-align: justify;\">Contribuir a la formaci\u00f3n de los equipos de los establecimientos educacionales que participan de las diferentes ofertas de servicios, con el objetivo de apoyar el mejoramiento de los aprendizajes de las y los estudiantes.<\/p><p style=\"text-align: justify;\"><br \/>Tener directa relaci\u00f3n con los sentidos, prop\u00f3sitos y procesos generales y espec\u00edficos de las dimensiones, sub-dimensiones y pr\u00e1cticas de la gesti\u00f3n institucional y pedag\u00f3gica, en tal sentido, constituyen las acciones relacionadas con las necesidades y requerimientos que demanda la implementaci\u00f3n del PME del establecimiento educacional.<\/p><p style=\"text-align: justify;\"><br \/>Generar un trabajo colaborativo con la comunidad educativa, que transfiera conocimientos, experiencias e innovaci\u00f3n, y que favorezca el desarrollo de competencias y habilidades en los integrantes o equipos de la instituci\u00f3n educativa, en el marco de una implementaci\u00f3n sustentable.<\/p>\t\t\t\t\t\t\t\t<\/div>\n\t\t\t\t<\/div>\n\t\t\t\t\t<\/div>\n\t\t\t\t<\/div>\n\t\t\t\t<\/div>\n\t\t","protected":false},"excerpt":{"rendered":"<p>Servicio de Asistencia t\u00e9cnica Educativa La Asistencia T\u00e9cnico Educativa (ATE) es un apoyo externo, especializado y de car\u00e1cter transitorio, dirigido [&hellip;]<\/p>\n","protected":false},"author":1,"featured_media":0,"parent":0,"menu_order":0,"comment_status":"closed","ping_status":"closed","template":"","meta":{"site-sidebar-layout":"no-sidebar","site-content-layout":"","ast-site-content-layout":"full-width-container","site-content-style":"default","site-sidebar-style":"default","ast-global-header-display":"","ast-banner-title-visibility":"","ast-main-header-display":"","ast-hfb-above-header-display":"","ast-hfb-below-header-display":"","ast-hfb-mobile-header-display":"","site-post-title":"disabled","ast-breadcrumbs-content":"","ast-featured-img":"disabled","footer-sml-layout":"","theme-transparent-header-meta":"","adv-header-id-meta":"","stick-header-meta":"","header-above-stick-meta":"","header-main-stick-meta":"","header-below-stick-meta":"","astra-migrate-meta-layouts":"default","ast-page-background-enabled":"default","ast-page-background-meta":{"desktop":{"background-color":"var(--ast-global-color-5)","background-image":"","background-repeat":"repeat","background-position":"center center","background-size":"auto","background-attachment":"scroll","background-type":"","background-media":"","overlay-type":"","overlay-color":"","overlay-opacity":"","overlay-gradient":""},"tablet":{"background-color":"","background-image":"","background-repeat":"repeat","background-position":"center center","background-size":"auto","background-attachment":"scroll","background-type":"","background-media":"","overlay-type":"","overlay-color":"","overlay-opacity":"","overlay-gradient":""},"mobile":{"background-color":"","background-image":"","background-repeat":"repeat","background-position":"center center","background-size":"auto","background-attachment":"scroll","background-type":"","background-media":"","overlay-type":"","overlay-color":"","overlay-opacity":"","overlay-gradient":""}},"ast-content-background-meta":{"desktop":{"background-color":"var(--ast-global-color-4)","background-image":"","background-repeat":"repeat","background-position":"center center","background-size":"auto","background-attachment":"scroll","background-type":"","background-media":"","overlay-type":"","overlay-color":"","overlay-opacity":"","overlay-gradient":""},"tablet":{"background-color":"var(--ast-global-color-4)","background-image":"","background-repeat":"repeat","background-position":"center center","background-size":"auto","background-attachment":"scroll","background-type":"","background-media":"","overlay-type":"","overlay-color":"","overlay-opacity":"","overlay-gradient":""},"mobile":{"background-color":"var(--ast-global-color-4)","background-image":"","background-repeat":"repeat","background-position":"center center","background-size":"auto","background-attachment":"scroll","background-type":"","background-media":"","overlay-type":"","overlay-color":"","overlay-opacity":"","overlay-gradient":""}},"_joinchat":[],"footnotes":""},"class_list":["post-789","page","type-page","status-publish","hentry"],"_links":{"self":[{"href":"https:\/\/jufraem.xyz\/index.php?rest_route=\/wp\/v2\/pages\/789","targetHints":{"allow":["GET"]}}],"collection":[{"href":"https:\/\/jufraem.xyz\/index.php?rest_route=\/wp\/v2\/pages"}],"about":[{"href":"https:\/\/jufraem.xyz\/index.php?rest_route=\/wp\/v2\/types\/page"}],"author":[{"embeddable":true,"href":"https:\/\/jufraem.xyz\/index.php?rest_route=\/wp\/v2\/users\/1"}],"replies":[{"embeddable":true,"href":"https:\/\/jufraem.xyz\/index.php?rest_route=%2Fwp%2Fv2%2Fcomments&post=789"}],"version-history":[{"count":11,"href":"https:\/\/jufraem.xyz\/index.php?rest_route=\/wp\/v2\/pages\/789\/revisions"}],"predecessor-version":[{"id":805,"href":"https:\/\/jufraem.xyz\/index.php?rest_route=\/wp\/v2\/pages\/789\/revisions\/805"}],"wp:attachment":[{"href":"https:\/\/jufraem.xyz\/index.php?rest_route=%2Fwp%2Fv2%2Fmedia&parent=789"}],"curies":[{"name":"wp","href":"https:\/\/api.w.org\/{rel}","templated":true}]}}